{"id":5363,"date":"2023-12-26T11:53:23","date_gmt":"2023-12-26T07:53:23","guid":{"rendered":"https:\/\/reserva.expertoslopd.es\/?page_id=5363"},"modified":"2023-12-26T11:56:34","modified_gmt":"2023-12-26T07:56:34","slug":"cancelacion","status":"publish","type":"page","link":"https:\/\/reserva.expertoslopd.es\/en\/cancelacion\/","title":{"rendered":"Pol\u00edtica de Cancelaci\u00f3n"},"content":{"rendered":"<div data-elementor-type=\"wp-page\" data-elementor-id=\"5363\" class=\"elementor elementor-5363\" data-elementor-post-type=\"page\">\n\t\t\t\t\t\t<div class=\"elementor-inner\">\n\t\t\t\t<div class=\"elementor-section-wrap\">\n\t\t\t\t\t\t\t\t\t<section class=\"elementor-section elementor-top-section elementor-element elementor-element-2907aef elementor-section-boxed elementor-section-height-default elementor-section-height-default\" data-id=\"2907aef\" data-element_type=\"section\">\n\t\t\t\t\t\t<div class=\"elementor-container elementor-column-gap-default\">\n\t\t\t\t\t\t\t<div class=\"elementor-row\">\n\t\t\t\t\t<div class=\"elementor-column elementor-col-100 elementor-top-column elementor-element elementor-element-936b78c\" data-id=\"936b78c\" data-element_type=\"column\">\n\t\t\t<div class=\"elementor-column-wrap elementor-element-populated\">\n\t\t\t\t\t\t\t<div class=\"elementor-widget-wrap\">\n\t\t\t\t\t\t<div class=\"elementor-element elementor-element-e819a3a elementor-widget elementor-widget-text-editor\" data-id=\"e819a3a\" data-element_type=\"widget\" data-widget_type=\"text-editor.default\">\n\t\t\t\t<div class=\"elementor-widget-container\">\n\t\t\t<style>\/*! elementor - v3.16.0 - 20-09-2023 *\/\n.elementor-widget-text-editor.elementor-drop-cap-view-stacked .elementor-drop-cap{background-color:#69727d;color:#fff}.elementor-widget-text-editor.elementor-drop-cap-view-framed .elementor-drop-cap{color:#69727d;border:3px solid;background-color:transparent}.elementor-widget-text-editor:not(.elementor-drop-cap-view-default) .elementor-drop-cap{margin-top:8px}.elementor-widget-text-editor:not(.elementor-drop-cap-view-default) .elementor-drop-cap-letter{width:1em;height:1em}.elementor-widget-text-editor .elementor-drop-cap{float:left;text-align:center;line-height:1;font-size:50px}.elementor-widget-text-editor .elementor-drop-cap-letter{display:inline-block}<\/style>\t\t\t\t\t<div class=\"elementor-text-editor elementor-clearfix\">\n\t\t\t\t<div class=\"fusion-text\"><p><strong><u>Promotions cannot be combined with others promotions.<\/u><\/strong><\/p><p><strong><u>Cancellation policy<\/u>:<\/strong> As a courtesy to others clients and our professionals, all appointments cancelled with less than 12 hours, notice will be charged the full amount of the service.<\/p><p><strong><u>Treatments<\/u>:\u00a0<\/strong> All guests are requested to arrive at least 5 minutes prior to the scheduled treatment time in order to check in. Late arrive will not receive an extension of services and the full value of the treatment will be charged and will be automatically cancel after 15 minutes..<\/p><p>Please note that our system won\u2019t be able to confirm all the reservations that use a fake name and fake contact number.<\/p><\/div>\t\t\t\t\t<\/div>\n\t\t\t\t\t\t<\/div>\n\t\t\t\t<\/div>\n\t\t\t\t\t\t<\/div>\n\t\t\t\t\t<\/div>\n\t\t<\/div>\n\t\t\t\t\t\t\t\t<\/div>\n\t\t\t\t\t<\/div>\n\t\t<\/section>\n\t\t\t\t\t\t\t\t\t<\/div>\n\t\t\t<\/div>\n\t\t\t\t\t<\/div>","protected":false},"excerpt":{"rendered":"<p>Las promociones no son acumulables. Pol\u00edtica de cancelaci\u00f3n: Por cortes\u00eda al resto de clientes y a nuestros profesionales, se cobrar\u00e1 la totalidad del precio del servicio de todas las cancelaciones realizadas con menos de 12 horas de antelaci\u00f3n. Tratamientos:\u00a0 Se ruega&#8230;<\/p>","protected":false},"author":1,"featured_media":0,"parent":0,"menu_order":0,"comment_status":"closed","ping_status":"closed","template":"elementor_header_footer","meta":{"footnotes":"","_joinchat":[]},"yoast_head":"<!-- This site is optimized with the Yoast SEO plugin v21.6 - https:\/\/yoast.com\/wordpress\/plugins\/seo\/ -->\n<title>Pol\u00edtica de Cancelaci\u00f3n - Aruksa Thai Massage<\/title>\n<meta name=\"robots\" content=\"noindex, follow, max-snippet:-1, max-image-preview:large, max-video-preview:-1\" \/>\n<meta property=\"og:locale\" content=\"en_US\" \/>\n<meta property=\"og:type\" content=\"article\" \/>\n<meta property=\"og:title\" content=\"Pol\u00edtica de Cancelaci\u00f3n - Aruksa Thai Massage\" \/>\n<meta property=\"og:description\" content=\"Las promociones no son acumulables. Pol\u00edtica de cancelaci\u00f3n: Por cortes\u00eda al resto de clientes y a nuestros profesionales, se cobrar\u00e1 la totalidad del precio del servicio de todas las cancelaciones realizadas con menos de 12 horas de antelaci\u00f3n. Tratamientos:\u00a0 Se ruega...\" \/>\n<meta property=\"og:url\" content=\"https:\/\/reserva.expertoslopd.es\/en\/cancelacion\/\" \/>\n<meta property=\"og:site_name\" content=\"Aruksa Thai Massage\" \/>\n<meta property=\"article:modified_time\" content=\"2023-12-26T07:56:34+00:00\" \/>\n<meta name=\"twitter:card\" content=\"summary_large_image\" \/>\n<meta name=\"twitter:label1\" content=\"Est. reading time\" \/>\n\t<meta name=\"twitter:data1\" content=\"1 minute\" \/>\n<script type=\"application\/ld+json\" class=\"yoast-schema-graph\">{\"@context\":\"https:\/\/schema.org\",\"@graph\":[{\"@type\":\"WebPage\",\"@id\":\"https:\/\/reserva.expertoslopd.es\/cancelacion\/\",\"url\":\"https:\/\/reserva.expertoslopd.es\/cancelacion\/\",\"name\":\"Pol\u00edtica de Cancelaci\u00f3n - Aruksa Thai Massage\",\"isPartOf\":{\"@id\":\"https:\/\/reserva.expertoslopd.es\/#website\"},\"datePublished\":\"2023-12-26T07:53:23+00:00\",\"dateModified\":\"2023-12-26T07:56:34+00:00\",\"breadcrumb\":{\"@id\":\"https:\/\/reserva.expertoslopd.es\/cancelacion\/#breadcrumb\"},\"inLanguage\":\"en-US\",\"potentialAction\":[{\"@type\":\"ReadAction\",\"target\":[\"https:\/\/reserva.expertoslopd.es\/cancelacion\/\"]}]},{\"@type\":\"BreadcrumbList\",\"@id\":\"https:\/\/reserva.expertoslopd.es\/cancelacion\/#breadcrumb\",\"itemListElement\":[{\"@type\":\"ListItem\",\"position\":1,\"name\":\"Portada\",\"item\":\"https:\/\/reserva.expertoslopd.es\/\"},{\"@type\":\"ListItem\",\"position\":2,\"name\":\"Pol\u00edtica de Cancelaci\u00f3n\"}]},{\"@type\":\"WebSite\",\"@id\":\"https:\/\/reserva.expertoslopd.es\/#website\",\"url\":\"https:\/\/reserva.expertoslopd.es\/\",\"name\":\"Aruksa Thai Massage\",\"description\":\"Professional Thai Massage\",\"potentialAction\":[{\"@type\":\"SearchAction\",\"target\":{\"@type\":\"EntryPoint\",\"urlTemplate\":\"https:\/\/reserva.expertoslopd.es\/?s={search_term_string}\"},\"query-input\":\"required name=search_term_string\"}],\"inLanguage\":\"en-US\"}]}<\/script>\n<!-- \/ Yoast SEO plugin. -->","yoast_head_json":{"title":"Pol\u00edtica de Cancelaci\u00f3n - Aruksa Thai Massage","robots":{"index":"noindex","follow":"follow","max-snippet":"max-snippet:-1","max-image-preview":"max-image-preview:large","max-video-preview":"max-video-preview:-1"},"og_locale":"en_US","og_type":"article","og_title":"Pol\u00edtica de Cancelaci\u00f3n - Aruksa Thai Massage","og_description":"Las promociones no son acumulables. Pol\u00edtica de cancelaci\u00f3n: Por cortes\u00eda al resto de clientes y a nuestros profesionales, se cobrar\u00e1 la totalidad del precio del servicio de todas las cancelaciones realizadas con menos de 12 horas de antelaci\u00f3n. Tratamientos:\u00a0 Se ruega...","og_url":"https:\/\/reserva.expertoslopd.es\/en\/cancelacion\/","og_site_name":"Aruksa Thai Massage","article_modified_time":"2023-12-26T07:56:34+00:00","twitter_card":"summary_large_image","twitter_misc":{"Est. reading time":"1 minute"},"schema":{"@context":"https:\/\/schema.org","@graph":[{"@type":"WebPage","@id":"https:\/\/reserva.expertoslopd.es\/cancelacion\/","url":"https:\/\/reserva.expertoslopd.es\/cancelacion\/","name":"Pol\u00edtica de Cancelaci\u00f3n - Aruksa Thai Massage","isPartOf":{"@id":"https:\/\/reserva.expertoslopd.es\/#website"},"datePublished":"2023-12-26T07:53:23+00:00","dateModified":"2023-12-26T07:56:34+00:00","breadcrumb":{"@id":"https:\/\/reserva.expertoslopd.es\/cancelacion\/#breadcrumb"},"inLanguage":"en-US","potentialAction":[{"@type":"ReadAction","target":["https:\/\/reserva.expertoslopd.es\/cancelacion\/"]}]},{"@type":"BreadcrumbList","@id":"https:\/\/reserva.expertoslopd.es\/cancelacion\/#breadcrumb","itemListElement":[{"@type":"ListItem","position":1,"name":"Portada","item":"https:\/\/reserva.expertoslopd.es\/"},{"@type":"ListItem","position":2,"name":"Pol\u00edtica de Cancelaci\u00f3n"}]},{"@type":"WebSite","@id":"https:\/\/reserva.expertoslopd.es\/#website","url":"https:\/\/reserva.expertoslopd.es\/","name":"Aruksa Thai Massage","description":"Professional Thai Massage","potentialAction":[{"@type":"SearchAction","target":{"@type":"EntryPoint","urlTemplate":"https:\/\/reserva.expertoslopd.es\/?s={search_term_string}"},"query-input":"required name=search_term_string"}],"inLanguage":"en-US"}]}},"_links":{"self":[{"href":"https:\/\/reserva.expertoslopd.es\/en\/wp-json\/wp\/v2\/pages\/5363"}],"collection":[{"href":"https:\/\/reserva.expertoslopd.es\/en\/wp-json\/wp\/v2\/pages"}],"about":[{"href":"https:\/\/reserva.expertoslopd.es\/en\/wp-json\/wp\/v2\/types\/page"}],"author":[{"embeddable":true,"href":"https:\/\/reserva.expertoslopd.es\/en\/wp-json\/wp\/v2\/users\/1"}],"replies":[{"embeddable":true,"href":"https:\/\/reserva.expertoslopd.es\/en\/wp-json\/wp\/v2\/comments?post=5363"}],"version-history":[{"count":4,"href":"https:\/\/reserva.expertoslopd.es\/en\/wp-json\/wp\/v2\/pages\/5363\/revisions"}],"predecessor-version":[{"id":5369,"href":"https:\/\/reserva.expertoslopd.es\/en\/wp-json\/wp\/v2\/pages\/5363\/revisions\/5369"}],"wp:attachment":[{"href":"https:\/\/reserva.expertoslopd.es\/en\/wp-json\/wp\/v2\/media?parent=5363"}],"curies":[{"name":"wp","href":"https:\/\/api.w.org\/{rel}","templated":true}]}}