{"id":4947,"date":"2023-09-27T14:43:56","date_gmt":"2023-09-27T10:43:56","guid":{"rendered":"https:\/\/reserva.expertoslopd.es\/?post_type=product&#038;p=4947"},"modified":"2023-12-13T12:27:53","modified_gmt":"2023-12-13T08:27:53","slug":"bono-diamante","status":"publish","type":"product","link":"https:\/\/reserva.expertoslopd.es\/en\/product\/bono-diamante\/","title":{"rendered":"Bonus Diamond"},"content":{"rendered":"","protected":false},"excerpt":{"rendered":"<div class=\"fusion-text\">\n<div class=\"fusion-text\">\n<p><img loading=\"lazy\" decoding=\"async\" class=\"wp-image-4699 aligncenter\" src=\"https:\/\/reserva.expertoslopd.es\/wp-content\/uploads\/2023\/08\/bono-diamante-300x208.jpg\" alt=\"\" width=\"413\" height=\"286\" srcset=\"https:\/\/reserva.expertoslopd.es\/wp-content\/uploads\/2023\/08\/bono-diamante-300x208.jpg 300w, https:\/\/reserva.expertoslopd.es\/wp-content\/uploads\/2023\/08\/bono-diamante-400x277.jpg 400w, https:\/\/reserva.expertoslopd.es\/wp-content\/uploads\/2023\/08\/bono-diamante.jpg 563w\" sizes=\"(max-width: 413px) 100vw, 413px\" \/><\/p>\n<p>Este bono se basa en sesiones de 90 minutos de duraci\u00f3n cada una y los tipos de masajes que puedes escoger son todos los disponibles en Aruksa Thai Massage (incluyendo con aceite).<\/p>\n<p>Tienes varias modalidades a escoger entre 5, 7 y 10 sesiones. Cuantas m\u00e1s sesiones, tu cuerpo sentir\u00e1 un mayor alivio disfrutando mejor en su d\u00eda a d\u00eda.<\/p>\n<p>Rellena tu nombre y mail para recibir el bono en el correo electr\u00f3nico que quieras. Si deseas hacer un regalo escribe el mail de la persona a la que quieres enviarle el bono y tambi\u00e9n puedes dejarle un mensaje y tu nombre para que sepa qui\u00e9n se lo ha regalado.<\/p>\n<p>Podr\u00e1s realizar las reservas del bono en nuestro tel\u00e9fono <a href=\"tel: 34633706695\">633 706 695<\/a> indicando el c\u00f3digo de tu bono.<\/p>\n<\/div>\n<\/div>\n<div class=\"fusion-title title fusion-title-1 fusion-title-center fusion-title-text fusion-title-size-five\">\n<div class=\"title-sep-container title-sep-container-left\">\n<div class=\"title-sep sep-\"><\/div>\n<\/div>\n<h3 style=\"text-align: center;\"><strong><u>BONO DIAMANTE: 90 mins<\/u><\/strong><\/h3>\n<h3 style=\"text-align: center;\">5 sesiones \u2013 400\u20ac\u00a0 (80\u20ac\/Sesion)<\/h3>\n<h3 style=\"text-align: center;\">7 sesiones \u2013 550\u20ac\u00a0 \u00a0(78,50\u20ac\/Sesion)<\/h3>\n<h3 style=\"text-align: center;\">10 sesiones \u2013 765\u20ac\u00a0 \u00a0(76,50\u20ac\/Sesion)<\/h3>\n<\/div>","protected":false},"featured_media":4967,"comment_status":"open","ping_status":"closed","template":"","meta":{"_joinchat":[]},"product_cat":[73],"product_tag":[],"giftcard-category":[74],"yoast_head":"<!-- This site is optimized with the Yoast SEO plugin v21.6 - https:\/\/yoast.com\/wordpress\/plugins\/seo\/ -->\n<title>Bono Diamante - Aruksa Thai Massage<\/title>\n<meta name=\"robots\" content=\"noindex, follow, max-snippet:-1, max-image-preview:large, max-video-preview:-1\" \/>\n<meta property=\"og:locale\" content=\"en_US\" \/>\n<meta property=\"og:type\" content=\"article\" \/>\n<meta property=\"og:title\" content=\"Bono Diamante - Aruksa Thai Massage\" \/>\n<meta property=\"og:description\" content=\"Este bono se basa en sesiones de 90 minutos de duraci\u00f3n cada una y los tipos de masajes que puedes escoger son todos los disponibles en Aruksa Thai Massage (incluyendo con aceite).  Tienes varias modalidades a escoger entre 5, 7 y 10 sesiones. Cuantas m\u00e1s sesiones, tu cuerpo sentir\u00e1 un mayor alivio disfrutando mejor en su d\u00eda a d\u00eda.  Rellena tu nombre y mail para recibir el bono en el correo electr\u00f3nico que quieras. Si deseas hacer un regalo escribe el mail de la persona a la que quieres enviarle el bono y tambi\u00e9n puedes dejarle un mensaje y tu nombre para que sepa qui\u00e9n se lo ha regalado.  Podr\u00e1s realizar las reservas del bono en nuestro tel\u00e9fono 633 706 695 indicando el c\u00f3digo de tu bono.        BONO DIAMANTE: 90 mins 5 sesiones \u2013 400\u20ac\u00a0 (80\u20ac\/Sesion) 7 sesiones \u2013 550\u20ac\u00a0 \u00a0(78,50\u20ac\/Sesion) 10 sesiones \u2013 765\u20ac\u00a0 \u00a0(76,50\u20ac\/Sesion)\" \/>\n<meta property=\"og:url\" content=\"https:\/\/reserva.expertoslopd.es\/en\/product\/bono-diamante\/\" \/>\n<meta property=\"og:site_name\" content=\"Aruksa Thai Massage\" \/>\n<meta property=\"article:modified_time\" content=\"2023-12-13T08:27:53+00:00\" \/>\n<meta property=\"og:image\" content=\"https:\/\/reserva.expertoslopd.es\/wp-content\/uploads\/2023\/10\/Bono-diamond.png\" \/>\n\t<meta property=\"og:image:width\" content=\"834\" \/>\n\t<meta property=\"og:image:height\" content=\"715\" \/>\n\t<meta property=\"og:image:type\" content=\"image\/png\" \/>\n<meta name=\"twitter:card\" content=\"summary_large_image\" \/>\n<script type=\"application\/ld+json\" class=\"yoast-schema-graph\">{\"@context\":\"https:\/\/schema.org\",\"@graph\":[{\"@type\":\"WebPage\",\"@id\":\"https:\/\/reserva.expertoslopd.es\/producto\/bono-diamante\/\",\"url\":\"https:\/\/reserva.expertoslopd.es\/producto\/bono-diamante\/\",\"name\":\"Bono Diamante - Aruksa Thai Massage\",\"isPartOf\":{\"@id\":\"https:\/\/reserva.expertoslopd.es\/#website\"},\"datePublished\":\"2023-09-27T10:43:56+00:00\",\"dateModified\":\"2023-12-13T08:27:53+00:00\",\"breadcrumb\":{\"@id\":\"https:\/\/reserva.expertoslopd.es\/producto\/bono-diamante\/#breadcrumb\"},\"inLanguage\":\"en-US\",\"potentialAction\":[{\"@type\":\"ReadAction\",\"target\":[\"https:\/\/reserva.expertoslopd.es\/producto\/bono-diamante\/\"]}]},{\"@type\":\"BreadcrumbList\",\"@id\":\"https:\/\/reserva.expertoslopd.es\/producto\/bono-diamante\/#breadcrumb\",\"itemListElement\":[{\"@type\":\"ListItem\",\"position\":1,\"name\":\"Portada\",\"item\":\"https:\/\/reserva.expertoslopd.es\/\"},{\"@type\":\"ListItem\",\"position\":2,\"name\":\"Productos\",\"item\":\"https:\/\/reserva.expertoslopd.es\/shop\/\"},{\"@type\":\"ListItem\",\"position\":3,\"name\":\"Bono Diamante\"}]},{\"@type\":\"WebSite\",\"@id\":\"https:\/\/reserva.expertoslopd.es\/#website\",\"url\":\"https:\/\/reserva.expertoslopd.es\/\",\"name\":\"Aruksa Thai Massage\",\"description\":\"Professional Thai Massage\",\"potentialAction\":[{\"@type\":\"SearchAction\",\"target\":{\"@type\":\"EntryPoint\",\"urlTemplate\":\"https:\/\/reserva.expertoslopd.es\/?s={search_term_string}\"},\"query-input\":\"required name=search_term_string\"}],\"inLanguage\":\"en-US\"}]}<\/script>\n<!-- \/ Yoast SEO plugin. -->","yoast_head_json":{"title":"Bono Diamante - Aruksa Thai Massage","robots":{"index":"noindex","follow":"follow","max-snippet":"max-snippet:-1","max-image-preview":"max-image-preview:large","max-video-preview":"max-video-preview:-1"},"og_locale":"en_US","og_type":"article","og_title":"Bono Diamante - Aruksa Thai Massage","og_description":"Este bono se basa en sesiones de 90 minutos de duraci\u00f3n cada una y los tipos de masajes que puedes escoger son todos los disponibles en Aruksa Thai Massage (incluyendo con aceite).  Tienes varias modalidades a escoger entre 5, 7 y 10 sesiones. Cuantas m\u00e1s sesiones, tu cuerpo sentir\u00e1 un mayor alivio disfrutando mejor en su d\u00eda a d\u00eda.  Rellena tu nombre y mail para recibir el bono en el correo electr\u00f3nico que quieras. Si deseas hacer un regalo escribe el mail de la persona a la que quieres enviarle el bono y tambi\u00e9n puedes dejarle un mensaje y tu nombre para que sepa qui\u00e9n se lo ha regalado.  Podr\u00e1s realizar las reservas del bono en nuestro tel\u00e9fono 633 706 695 indicando el c\u00f3digo de tu bono.        BONO DIAMANTE: 90 mins 5 sesiones \u2013 400\u20ac\u00a0 (80\u20ac\/Sesion) 7 sesiones \u2013 550\u20ac\u00a0 \u00a0(78,50\u20ac\/Sesion) 10 sesiones \u2013 765\u20ac\u00a0 \u00a0(76,50\u20ac\/Sesion)","og_url":"https:\/\/reserva.expertoslopd.es\/en\/product\/bono-diamante\/","og_site_name":"Aruksa Thai Massage","article_modified_time":"2023-12-13T08:27:53+00:00","og_image":[{"width":834,"height":715,"url":"https:\/\/reserva.expertoslopd.es\/wp-content\/uploads\/2023\/10\/Bono-diamond.png","type":"image\/png"}],"twitter_card":"summary_large_image","schema":{"@context":"https:\/\/schema.org","@graph":[{"@type":"WebPage","@id":"https:\/\/reserva.expertoslopd.es\/producto\/bono-diamante\/","url":"https:\/\/reserva.expertoslopd.es\/producto\/bono-diamante\/","name":"Bono Diamante - Aruksa Thai Massage","isPartOf":{"@id":"https:\/\/reserva.expertoslopd.es\/#website"},"datePublished":"2023-09-27T10:43:56+00:00","dateModified":"2023-12-13T08:27:53+00:00","breadcrumb":{"@id":"https:\/\/reserva.expertoslopd.es\/producto\/bono-diamante\/#breadcrumb"},"inLanguage":"en-US","potentialAction":[{"@type":"ReadAction","target":["https:\/\/reserva.expertoslopd.es\/producto\/bono-diamante\/"]}]},{"@type":"BreadcrumbList","@id":"https:\/\/reserva.expertoslopd.es\/producto\/bono-diamante\/#breadcrumb","itemListElement":[{"@type":"ListItem","position":1,"name":"Portada","item":"https:\/\/reserva.expertoslopd.es\/"},{"@type":"ListItem","position":2,"name":"Productos","item":"https:\/\/reserva.expertoslopd.es\/shop\/"},{"@type":"ListItem","position":3,"name":"Bono Diamante"}]},{"@type":"WebSite","@id":"https:\/\/reserva.expertoslopd.es\/#website","url":"https:\/\/reserva.expertoslopd.es\/","name":"Aruksa Thai Massage","description":"Professional Thai Massage","potentialAction":[{"@type":"SearchAction","target":{"@type":"EntryPoint","urlTemplate":"https:\/\/reserva.expertoslopd.es\/?s={search_term_string}"},"query-input":"required name=search_term_string"}],"inLanguage":"en-US"}]}},"_links":{"self":[{"href":"https:\/\/reserva.expertoslopd.es\/en\/wp-json\/wp\/v2\/product\/4947"}],"collection":[{"href":"https:\/\/reserva.expertoslopd.es\/en\/wp-json\/wp\/v2\/product"}],"about":[{"href":"https:\/\/reserva.expertoslopd.es\/en\/wp-json\/wp\/v2\/types\/product"}],"replies":[{"embeddable":true,"href":"https:\/\/reserva.expertoslopd.es\/en\/wp-json\/wp\/v2\/comments?post=4947"}],"wp:featuredmedia":[{"embeddable":true,"href":"https:\/\/reserva.expertoslopd.es\/en\/wp-json\/wp\/v2\/media\/4967"}],"wp:attachment":[{"href":"https:\/\/reserva.expertoslopd.es\/en\/wp-json\/wp\/v2\/media?parent=4947"}],"wp:term":[{"taxonomy":"product_cat","embeddable":true,"href":"https:\/\/reserva.expertoslopd.es\/en\/wp-json\/wp\/v2\/product_cat?post=4947"},{"taxonomy":"product_tag","embeddable":true,"href":"https:\/\/reserva.expertoslopd.es\/en\/wp-json\/wp\/v2\/product_tag?post=4947"},{"taxonomy":"giftcard-category","embeddable":true,"href":"https:\/\/reserva.expertoslopd.es\/en\/wp-json\/wp\/v2\/giftcard-category?post=4947"}],"curies":[{"name":"wp","href":"https:\/\/api.w.org\/{rel}","templated":true}]}}