{"id":4977,"date":"2023-11-13T12:58:28","date_gmt":"2023-11-13T08:58:28","guid":{"rendered":"https:\/\/reserva.expertoslopd.es\/?post_type=product&#038;p=4977"},"modified":"2023-12-13T12:28:31","modified_gmt":"2023-12-13T08:28:31","slug":"bono-platino","status":"publish","type":"product","link":"https:\/\/reserva.expertoslopd.es\/en\/product\/bono-platino\/","title":{"rendered":"Bono Platino"},"content":{"rendered":"","protected":false},"excerpt":{"rendered":"<div class=\"fusion-text\">\n<div class=\"fusion-text\">\n<p>Este bono se basa en sesiones de 60 minutos de duraci\u00f3n cada una y los tipos de masajes que puedes escoger son todos los disponibles en Aruksa Thai Massage (incluyendo con aceite).<\/p>\n<p>Tienes varias modalidades a escoger entre 5, 7 y 10 sesiones. Cuantas m\u00e1s sesiones, tu cuerpo lo agradecer\u00e1.<\/p>\n<p>Rellena tu nombre y mail para recibir el bono en el correo electr\u00f3nico que quieras. Si deseas hacer un regalo escribe el mail de la persona a la que quieres enviarle el bono y tambi\u00e9n puedes dejarle un mensaje y tu nombre para que sepa qui\u00e9n se lo ha regalado.<\/p>\n<p>Podr\u00e1s realizar las reservas del bono en nuestro tel\u00e9fono <a href=\"tel: 34633706695\">633 706 695<\/a> indicando el c\u00f3digo de tu bono.<\/p>\n<\/div>\n<\/div>\n<div class=\"fusion-title title fusion-title-1 fusion-title-center fusion-title-text fusion-title-size-five\">\n<div class=\"title-sep-container title-sep-container-left\">\n<div class=\"title-sep sep-\"><\/div>\n<\/div>\n<p><strong><u>BONO PLATINO: 60 mins<\/u><\/strong><\/p>\n<p>5 sesiones \u2013 275\u20ac\u00a0 \u00a0(55\u20ac\/H)<\/p>\n<p>7 sesiones \u2013 375\u20ac\u00a0 \u00a0(53,50\u20ac\/H)<\/p>\n<p>10 sesiones \u2013 515\u20ac\u00a0 (51,50\u20ac\/H)<\/p>\n<\/div>","protected":false},"featured_media":4968,"comment_status":"open","ping_status":"closed","template":"","meta":{"_joinchat":[]},"product_cat":[73],"product_tag":[],"giftcard-category":[74],"yoast_head":"<!-- This site is optimized with the Yoast SEO plugin v21.6 - https:\/\/yoast.com\/wordpress\/plugins\/seo\/ -->\n<title>Bono Platino - Aruksa Thai Massage<\/title>\n<meta name=\"robots\" content=\"noindex, follow, max-snippet:-1, max-image-preview:large, max-video-preview:-1\" \/>\n<meta property=\"og:locale\" content=\"en_US\" \/>\n<meta property=\"og:type\" content=\"article\" \/>\n<meta property=\"og:title\" content=\"Bono Platino - Aruksa Thai Massage\" \/>\n<meta property=\"og:description\" content=\"Este bono se basa en sesiones de 60 minutos de duraci\u00f3n cada una y los tipos de masajes que puedes escoger son todos los disponibles en Aruksa Thai Massage (incluyendo con aceite).  Tienes varias modalidades a escoger entre 5, 7 y 10 sesiones. Cuantas m\u00e1s sesiones, tu cuerpo lo agradecer\u00e1.  Rellena tu nombre y mail para recibir el bono en el correo electr\u00f3nico que quieras. Si deseas hacer un regalo escribe el mail de la persona a la que quieres enviarle el bono y tambi\u00e9n puedes dejarle un mensaje y tu nombre para que sepa qui\u00e9n se lo ha regalado.  Podr\u00e1s realizar las reservas del bono en nuestro tel\u00e9fono 633 706 695 indicando el c\u00f3digo de tu bono.        BONO PLATINO: 60 mins  5 sesiones \u2013 275\u20ac\u00a0 \u00a0(55\u20ac\/H)  7 sesiones \u2013 375\u20ac\u00a0 \u00a0(53,50\u20ac\/H)  10 sesiones \u2013 515\u20ac\u00a0 (51,50\u20ac\/H)\" \/>\n<meta property=\"og:url\" content=\"https:\/\/reserva.expertoslopd.es\/en\/product\/bono-platino\/\" \/>\n<meta property=\"og:site_name\" content=\"Aruksa Thai Massage\" \/>\n<meta property=\"article:modified_time\" content=\"2023-12-13T08:28:31+00:00\" \/>\n<meta property=\"og:image\" content=\"https:\/\/reserva.expertoslopd.es\/wp-content\/uploads\/2023\/10\/Bono-Silver.jpg\" \/>\n\t<meta property=\"og:image:width\" content=\"577\" \/>\n\t<meta property=\"og:image:height\" content=\"491\" \/>\n\t<meta property=\"og:image:type\" content=\"image\/jpeg\" \/>\n<meta name=\"twitter:card\" content=\"summary_large_image\" \/>\n<script type=\"application\/ld+json\" class=\"yoast-schema-graph\">{\"@context\":\"https:\/\/schema.org\",\"@graph\":[{\"@type\":\"WebPage\",\"@id\":\"https:\/\/reserva.expertoslopd.es\/producto\/bono-platino\/\",\"url\":\"https:\/\/reserva.expertoslopd.es\/producto\/bono-platino\/\",\"name\":\"Bono Platino - Aruksa Thai Massage\",\"isPartOf\":{\"@id\":\"https:\/\/reserva.expertoslopd.es\/#website\"},\"datePublished\":\"2023-11-13T08:58:28+00:00\",\"dateModified\":\"2023-12-13T08:28:31+00:00\",\"breadcrumb\":{\"@id\":\"https:\/\/reserva.expertoslopd.es\/producto\/bono-platino\/#breadcrumb\"},\"inLanguage\":\"en-US\",\"potentialAction\":[{\"@type\":\"ReadAction\",\"target\":[\"https:\/\/reserva.expertoslopd.es\/producto\/bono-platino\/\"]}]},{\"@type\":\"BreadcrumbList\",\"@id\":\"https:\/\/reserva.expertoslopd.es\/producto\/bono-platino\/#breadcrumb\",\"itemListElement\":[{\"@type\":\"ListItem\",\"position\":1,\"name\":\"Portada\",\"item\":\"https:\/\/reserva.expertoslopd.es\/\"},{\"@type\":\"ListItem\",\"position\":2,\"name\":\"Productos\",\"item\":\"https:\/\/reserva.expertoslopd.es\/shop\/\"},{\"@type\":\"ListItem\",\"position\":3,\"name\":\"Bono Platino\"}]},{\"@type\":\"WebSite\",\"@id\":\"https:\/\/reserva.expertoslopd.es\/#website\",\"url\":\"https:\/\/reserva.expertoslopd.es\/\",\"name\":\"Aruksa Thai Massage\",\"description\":\"Professional Thai Massage\",\"potentialAction\":[{\"@type\":\"SearchAction\",\"target\":{\"@type\":\"EntryPoint\",\"urlTemplate\":\"https:\/\/reserva.expertoslopd.es\/?s={search_term_string}\"},\"query-input\":\"required name=search_term_string\"}],\"inLanguage\":\"en-US\"}]}<\/script>\n<!-- \/ Yoast SEO plugin. -->","yoast_head_json":{"title":"Bono Platino - Aruksa Thai Massage","robots":{"index":"noindex","follow":"follow","max-snippet":"max-snippet:-1","max-image-preview":"max-image-preview:large","max-video-preview":"max-video-preview:-1"},"og_locale":"en_US","og_type":"article","og_title":"Bono Platino - Aruksa Thai Massage","og_description":"Este bono se basa en sesiones de 60 minutos de duraci\u00f3n cada una y los tipos de masajes que puedes escoger son todos los disponibles en Aruksa Thai Massage (incluyendo con aceite).  Tienes varias modalidades a escoger entre 5, 7 y 10 sesiones. Cuantas m\u00e1s sesiones, tu cuerpo lo agradecer\u00e1.  Rellena tu nombre y mail para recibir el bono en el correo electr\u00f3nico que quieras. Si deseas hacer un regalo escribe el mail de la persona a la que quieres enviarle el bono y tambi\u00e9n puedes dejarle un mensaje y tu nombre para que sepa qui\u00e9n se lo ha regalado.  Podr\u00e1s realizar las reservas del bono en nuestro tel\u00e9fono 633 706 695 indicando el c\u00f3digo de tu bono.        BONO PLATINO: 60 mins  5 sesiones \u2013 275\u20ac\u00a0 \u00a0(55\u20ac\/H)  7 sesiones \u2013 375\u20ac\u00a0 \u00a0(53,50\u20ac\/H)  10 sesiones \u2013 515\u20ac\u00a0 (51,50\u20ac\/H)","og_url":"https:\/\/reserva.expertoslopd.es\/en\/product\/bono-platino\/","og_site_name":"Aruksa Thai Massage","article_modified_time":"2023-12-13T08:28:31+00:00","og_image":[{"width":577,"height":491,"url":"https:\/\/reserva.expertoslopd.es\/wp-content\/uploads\/2023\/10\/Bono-Silver.jpg","type":"image\/jpeg"}],"twitter_card":"summary_large_image","schema":{"@context":"https:\/\/schema.org","@graph":[{"@type":"WebPage","@id":"https:\/\/reserva.expertoslopd.es\/producto\/bono-platino\/","url":"https:\/\/reserva.expertoslopd.es\/producto\/bono-platino\/","name":"Bono Platino - Aruksa Thai Massage","isPartOf":{"@id":"https:\/\/reserva.expertoslopd.es\/#website"},"datePublished":"2023-11-13T08:58:28+00:00","dateModified":"2023-12-13T08:28:31+00:00","breadcrumb":{"@id":"https:\/\/reserva.expertoslopd.es\/producto\/bono-platino\/#breadcrumb"},"inLanguage":"en-US","potentialAction":[{"@type":"ReadAction","target":["https:\/\/reserva.expertoslopd.es\/producto\/bono-platino\/"]}]},{"@type":"BreadcrumbList","@id":"https:\/\/reserva.expertoslopd.es\/producto\/bono-platino\/#breadcrumb","itemListElement":[{"@type":"ListItem","position":1,"name":"Portada","item":"https:\/\/reserva.expertoslopd.es\/"},{"@type":"ListItem","position":2,"name":"Productos","item":"https:\/\/reserva.expertoslopd.es\/shop\/"},{"@type":"ListItem","position":3,"name":"Bono Platino"}]},{"@type":"WebSite","@id":"https:\/\/reserva.expertoslopd.es\/#website","url":"https:\/\/reserva.expertoslopd.es\/","name":"Aruksa Thai Massage","description":"Professional Thai Massage","potentialAction":[{"@type":"SearchAction","target":{"@type":"EntryPoint","urlTemplate":"https:\/\/reserva.expertoslopd.es\/?s={search_term_string}"},"query-input":"required name=search_term_string"}],"inLanguage":"en-US"}]}},"_links":{"self":[{"href":"https:\/\/reserva.expertoslopd.es\/en\/wp-json\/wp\/v2\/product\/4977"}],"collection":[{"href":"https:\/\/reserva.expertoslopd.es\/en\/wp-json\/wp\/v2\/product"}],"about":[{"href":"https:\/\/reserva.expertoslopd.es\/en\/wp-json\/wp\/v2\/types\/product"}],"replies":[{"embeddable":true,"href":"https:\/\/reserva.expertoslopd.es\/en\/wp-json\/wp\/v2\/comments?post=4977"}],"wp:featuredmedia":[{"embeddable":true,"href":"https:\/\/reserva.expertoslopd.es\/en\/wp-json\/wp\/v2\/media\/4968"}],"wp:attachment":[{"href":"https:\/\/reserva.expertoslopd.es\/en\/wp-json\/wp\/v2\/media?parent=4977"}],"wp:term":[{"taxonomy":"product_cat","embeddable":true,"href":"https:\/\/reserva.expertoslopd.es\/en\/wp-json\/wp\/v2\/product_cat?post=4977"},{"taxonomy":"product_tag","embeddable":true,"href":"https:\/\/reserva.expertoslopd.es\/en\/wp-json\/wp\/v2\/product_tag?post=4977"},{"taxonomy":"giftcard-category","embeddable":true,"href":"https:\/\/reserva.expertoslopd.es\/en\/wp-json\/wp\/v2\/giftcard-category?post=4977"}],"curies":[{"name":"wp","href":"https:\/\/api.w.org\/{rel}","templated":true}]}}