{"id":4979,"date":"2023-11-13T13:01:49","date_gmt":"2023-11-13T09:01:49","guid":{"rendered":"https:\/\/reserva.expertoslopd.es\/?post_type=product&#038;p=4979"},"modified":"2024-01-10T21:49:18","modified_gmt":"2024-01-10T17:49:18","slug":"bono-aruksa","status":"publish","type":"product","link":"https:\/\/reserva.expertoslopd.es\/en\/product\/bono-aruksa\/","title":{"rendered":"Bono Aruksa"},"content":{"rendered":"","protected":false},"excerpt":{"rendered":"<div class=\"fusion-text\">\n<div class=\"fusion-text\">\n<div class=\"fusion-text\">\n<p>El bono Aruksa ha sido creado para aquellos que desean obtener bastantes sesiones de masajes descontracturantes a unos precios m\u00e1s ajustados.<\/p>\n<p>Solo tiene una modalidad de 10 sesiones pudi\u00e9ndose elegir entre el masaje <a href=\"https:\/\/www.aruksathaimassage.com\/tratamiento\/descontracturante-aruksa-45\/\">descontracturante Aruksa 45<\/a> minutos y el masaje <a href=\"https:\/\/www.aruksathaimassage.com\/tratamiento\/descontracturante-de-espalda-aruksa\/\">descontracturante de espalda Aruksa 35<\/a> minutos.<\/p>\n<p>Rellena tu nombre y mail para recibir el bono en el correo electr\u00f3nico que quieras. Si deseas hacer un regalo escribe el mail de la persona a la que quieres enviarle el bono y tambi\u00e9n puedes dejarle un mensaje y tu nombre para que sepa qui\u00e9n se lo ha regalado.<\/p>\n<p>Podr\u00e1s realizar las reservas del bono en nuestro tel\u00e9fono <a href=\"tel: 34633706695\">633 706 695<\/a> indicando el c\u00f3digo de tu bono.<\/p>\n<\/div>\n<\/div>\n<\/div>\n<div class=\"fusion-title title fusion-title-1 fusion-title-center fusion-title-text fusion-title-size-five\">\n<p><strong><u>BONO ARUKSA: 10 Sesiones<\/u><\/strong><\/p>\n<p>Masaje Descontracturante de Cabeza &amp; Espalda \u2013 440\u20ac<\/p>\n<p>Masaje Descontracturante de Espalda \u2013 360\u20ac<\/p>\n<\/div>","protected":false},"featured_media":4574,"comment_status":"open","ping_status":"closed","template":"","meta":{"_joinchat":[]},"product_cat":[73],"product_tag":[],"giftcard-category":[74],"yoast_head":"<!-- This site is optimized with the Yoast SEO plugin v21.6 - https:\/\/yoast.com\/wordpress\/plugins\/seo\/ -->\n<title>Bono Aruksa - Aruksa Thai Massage<\/title>\n<meta name=\"robots\" content=\"noindex, follow, max-snippet:-1, max-image-preview:large, max-video-preview:-1\" \/>\n<meta property=\"og:locale\" content=\"en_US\" \/>\n<meta property=\"og:type\" content=\"article\" \/>\n<meta property=\"og:title\" content=\"Bono Aruksa - Aruksa Thai Massage\" \/>\n<meta property=\"og:description\" content=\"El bono Aruksa ha sido creado para aquellos que desean obtener bastantes sesiones de masajes descontracturantes a unos precios m\u00e1s ajustados.  Solo tiene una modalidad de 10 sesiones pudi\u00e9ndose elegir entre el masaje descontracturante Aruksa 45 minutos y el masaje descontracturante de espalda Aruksa 35 minutos.  Rellena tu nombre y mail para recibir el bono en el correo electr\u00f3nico que quieras. Si deseas hacer un regalo escribe el mail de la persona a la que quieres enviarle el bono y tambi\u00e9n puedes dejarle un mensaje y tu nombre para que sepa qui\u00e9n se lo ha regalado.  Podr\u00e1s realizar las reservas del bono en nuestro tel\u00e9fono 633 706 695 indicando el c\u00f3digo de tu bono.       BONO ARUKSA: 10 Sesiones  Masaje Descontracturante de Cabeza &amp; Espalda \u2013 440\u20ac  Masaje Descontracturante de Espalda \u2013 360\u20ac\" \/>\n<meta property=\"og:url\" content=\"https:\/\/reserva.expertoslopd.es\/en\/product\/bono-aruksa\/\" \/>\n<meta property=\"og:site_name\" content=\"Aruksa Thai Massage\" \/>\n<meta property=\"article:modified_time\" content=\"2024-01-10T17:49:18+00:00\" \/>\n<meta property=\"og:image\" content=\"https:\/\/reserva.expertoslopd.es\/wp-content\/uploads\/2023\/08\/cropped-logo-oscuro-1.jpg\" \/>\n\t<meta property=\"og:image:width\" content=\"512\" \/>\n\t<meta property=\"og:image:height\" content=\"512\" \/>\n\t<meta property=\"og:image:type\" content=\"image\/jpeg\" \/>\n<meta name=\"twitter:card\" content=\"summary_large_image\" \/>\n<script type=\"application\/ld+json\" class=\"yoast-schema-graph\">{\"@context\":\"https:\/\/schema.org\",\"@graph\":[{\"@type\":\"WebPage\",\"@id\":\"https:\/\/reserva.expertoslopd.es\/producto\/bono-aruksa\/\",\"url\":\"https:\/\/reserva.expertoslopd.es\/producto\/bono-aruksa\/\",\"name\":\"Bono Aruksa - Aruksa Thai Massage\",\"isPartOf\":{\"@id\":\"https:\/\/reserva.expertoslopd.es\/#website\"},\"datePublished\":\"2023-11-13T09:01:49+00:00\",\"dateModified\":\"2024-01-10T17:49:18+00:00\",\"breadcrumb\":{\"@id\":\"https:\/\/reserva.expertoslopd.es\/producto\/bono-aruksa\/#breadcrumb\"},\"inLanguage\":\"en-US\",\"potentialAction\":[{\"@type\":\"ReadAction\",\"target\":[\"https:\/\/reserva.expertoslopd.es\/producto\/bono-aruksa\/\"]}]},{\"@type\":\"BreadcrumbList\",\"@id\":\"https:\/\/reserva.expertoslopd.es\/producto\/bono-aruksa\/#breadcrumb\",\"itemListElement\":[{\"@type\":\"ListItem\",\"position\":1,\"name\":\"Portada\",\"item\":\"https:\/\/reserva.expertoslopd.es\/\"},{\"@type\":\"ListItem\",\"position\":2,\"name\":\"Productos\",\"item\":\"https:\/\/reserva.expertoslopd.es\/shop\/\"},{\"@type\":\"ListItem\",\"position\":3,\"name\":\"Bono Aruksa\"}]},{\"@type\":\"WebSite\",\"@id\":\"https:\/\/reserva.expertoslopd.es\/#website\",\"url\":\"https:\/\/reserva.expertoslopd.es\/\",\"name\":\"Aruksa Thai Massage\",\"description\":\"Professional Thai Massage\",\"potentialAction\":[{\"@type\":\"SearchAction\",\"target\":{\"@type\":\"EntryPoint\",\"urlTemplate\":\"https:\/\/reserva.expertoslopd.es\/?s={search_term_string}\"},\"query-input\":\"required name=search_term_string\"}],\"inLanguage\":\"en-US\"}]}<\/script>\n<!-- \/ Yoast SEO plugin. -->","yoast_head_json":{"title":"Bono Aruksa - Aruksa Thai Massage","robots":{"index":"noindex","follow":"follow","max-snippet":"max-snippet:-1","max-image-preview":"max-image-preview:large","max-video-preview":"max-video-preview:-1"},"og_locale":"en_US","og_type":"article","og_title":"Bono Aruksa - Aruksa Thai Massage","og_description":"El bono Aruksa ha sido creado para aquellos que desean obtener bastantes sesiones de masajes descontracturantes a unos precios m\u00e1s ajustados.  Solo tiene una modalidad de 10 sesiones pudi\u00e9ndose elegir entre el masaje descontracturante Aruksa 45 minutos y el masaje descontracturante de espalda Aruksa 35 minutos.  Rellena tu nombre y mail para recibir el bono en el correo electr\u00f3nico que quieras. Si deseas hacer un regalo escribe el mail de la persona a la que quieres enviarle el bono y tambi\u00e9n puedes dejarle un mensaje y tu nombre para que sepa qui\u00e9n se lo ha regalado.  Podr\u00e1s realizar las reservas del bono en nuestro tel\u00e9fono 633 706 695 indicando el c\u00f3digo de tu bono.       BONO ARUKSA: 10 Sesiones  Masaje Descontracturante de Cabeza &amp; Espalda \u2013 440\u20ac  Masaje Descontracturante de Espalda \u2013 360\u20ac","og_url":"https:\/\/reserva.expertoslopd.es\/en\/product\/bono-aruksa\/","og_site_name":"Aruksa Thai Massage","article_modified_time":"2024-01-10T17:49:18+00:00","og_image":[{"width":512,"height":512,"url":"https:\/\/reserva.expertoslopd.es\/wp-content\/uploads\/2023\/08\/cropped-logo-oscuro-1.jpg","type":"image\/jpeg"}],"twitter_card":"summary_large_image","schema":{"@context":"https:\/\/schema.org","@graph":[{"@type":"WebPage","@id":"https:\/\/reserva.expertoslopd.es\/producto\/bono-aruksa\/","url":"https:\/\/reserva.expertoslopd.es\/producto\/bono-aruksa\/","name":"Bono Aruksa - Aruksa Thai Massage","isPartOf":{"@id":"https:\/\/reserva.expertoslopd.es\/#website"},"datePublished":"2023-11-13T09:01:49+00:00","dateModified":"2024-01-10T17:49:18+00:00","breadcrumb":{"@id":"https:\/\/reserva.expertoslopd.es\/producto\/bono-aruksa\/#breadcrumb"},"inLanguage":"en-US","potentialAction":[{"@type":"ReadAction","target":["https:\/\/reserva.expertoslopd.es\/producto\/bono-aruksa\/"]}]},{"@type":"BreadcrumbList","@id":"https:\/\/reserva.expertoslopd.es\/producto\/bono-aruksa\/#breadcrumb","itemListElement":[{"@type":"ListItem","position":1,"name":"Portada","item":"https:\/\/reserva.expertoslopd.es\/"},{"@type":"ListItem","position":2,"name":"Productos","item":"https:\/\/reserva.expertoslopd.es\/shop\/"},{"@type":"ListItem","position":3,"name":"Bono Aruksa"}]},{"@type":"WebSite","@id":"https:\/\/reserva.expertoslopd.es\/#website","url":"https:\/\/reserva.expertoslopd.es\/","name":"Aruksa Thai Massage","description":"Professional Thai Massage","potentialAction":[{"@type":"SearchAction","target":{"@type":"EntryPoint","urlTemplate":"https:\/\/reserva.expertoslopd.es\/?s={search_term_string}"},"query-input":"required name=search_term_string"}],"inLanguage":"en-US"}]}},"_links":{"self":[{"href":"https:\/\/reserva.expertoslopd.es\/en\/wp-json\/wp\/v2\/product\/4979"}],"collection":[{"href":"https:\/\/reserva.expertoslopd.es\/en\/wp-json\/wp\/v2\/product"}],"about":[{"href":"https:\/\/reserva.expertoslopd.es\/en\/wp-json\/wp\/v2\/types\/product"}],"replies":[{"embeddable":true,"href":"https:\/\/reserva.expertoslopd.es\/en\/wp-json\/wp\/v2\/comments?post=4979"}],"wp:featuredmedia":[{"embeddable":true,"href":"https:\/\/reserva.expertoslopd.es\/en\/wp-json\/wp\/v2\/media\/4574"}],"wp:attachment":[{"href":"https:\/\/reserva.expertoslopd.es\/en\/wp-json\/wp\/v2\/media?parent=4979"}],"wp:term":[{"taxonomy":"product_cat","embeddable":true,"href":"https:\/\/reserva.expertoslopd.es\/en\/wp-json\/wp\/v2\/product_cat?post=4979"},{"taxonomy":"product_tag","embeddable":true,"href":"https:\/\/reserva.expertoslopd.es\/en\/wp-json\/wp\/v2\/product_tag?post=4979"},{"taxonomy":"giftcard-category","embeddable":true,"href":"https:\/\/reserva.expertoslopd.es\/en\/wp-json\/wp\/v2\/giftcard-category?post=4979"}],"curies":[{"name":"wp","href":"https:\/\/api.w.org\/{rel}","templated":true}]}}