{"id":4985,"date":"2023-11-21T15:17:05","date_gmt":"2023-11-21T11:17:05","guid":{"rendered":"https:\/\/reserva.expertoslopd.es\/?post_type=product&#038;p=4985"},"modified":"2024-01-10T21:48:11","modified_gmt":"2024-01-10T17:48:11","slug":"bono-masaje-pareja","status":"publish","type":"product","link":"https:\/\/reserva.expertoslopd.es\/en\/product\/bono-masaje-pareja\/","title":{"rendered":"Bono Masaje Pareja"},"content":{"rendered":"","protected":false},"excerpt":{"rendered":"<div class=\"fusion-text\">\n<div class=\"fusion-text\">\n<p>The treatment in pair is designed to share those good times with the people you love most.<\/p>\n<p>Podr\u00e1s elegir entre sesiones de 60 o 90 minutos y los siguientes tratamientos:<\/p>\n<ul>\n<li>Masaje tradicional tailand\u00e9s<\/li>\n<li>Thai massage with oil<\/li>\n<li>Masaje de aromaterapia.<\/li>\n<li>Masaje relajante Aruksa.<\/li>\n<\/ul>\n<p>Rellena tu nombre y mail para recibir el bono en el correo electr\u00f3nico que quieras. Si deseas hacer un regalo escribe el mail de la persona a la que quieres enviarle el bono y tambi\u00e9n puedes dejarle un mensaje y tu nombre para que sepa qui\u00e9n se lo ha regalado.<\/p>\n<p>Podr\u00e1s realizar las reservas del bono en nuestro tel\u00e9fono <a href=\"tel: 34633706695\">633 706 695<\/a> indicando el c\u00f3digo de tu bono.<\/p>\n<div class=\"fusion-title title fusion-title-1 fusion-title-center fusion-title-text fusion-title-size-five\">\n<p><strong><u>BONOS MASAJE EN PAREJA: 60 mins<\/u><\/strong><\/p>\n<p>Masaje tradicional Tailand\u00e9s \u2013 <del>120\u20ac<\/del>\u00a0 <span style=\"color: #ff0000;\">110\u20ac<\/span><\/p>\n<p>Masaje Tailand\u00e9s con aceite \u2013 <del>120\u20ac<\/del>\u00a0 <span style=\"color: #ff0000;\">110\u20ac<\/span><\/p>\n<p>Masaje Aromaterapia \u2013 <del>120\u20ac<\/del>\u00a0 <span style=\"color: #ff0000;\">110\u20ac<\/span><\/p>\n<p>Masaje Balin\u00e9s \u2013 <del>120\u20ac<\/del>\u00a0 <span style=\"color: #ff0000;\">110\u20ac<\/span><\/p>\n<\/div>\n<div class=\"fusion-title title fusion-title-2 fusion-title-center fusion-title-text fusion-title-size-five\">\n<p><strong><u>BONOS MASAJE EN PAREJA: 90 mins<\/u><\/strong><\/p>\n<p>Masaje tradicional Tailand\u00e9s \u2013 <del>160\u20ac<\/del>\u00a0 <span style=\"color: #ff0000;\">150\u20ac<\/span><\/p>\n<p>Masaje Tailand\u00e9s con aceite \u2013 <del>160\u20ac<\/del>\u00a0 <span style=\"color: #ff0000;\">150\u20ac<\/span><\/p>\n<p>Masaje Aromaterapia \u2013 <del>160\u20ac<\/del>\u00a0 <span style=\"color: #ff0000;\">150\u20ac<\/span><\/p>\n<p>Masaje Balin\u00e9s (Masaje relajante Aruksa) \u2013 <del>160\u20ac<\/del>\u00a0 <span style=\"color: #ff0000;\">150\u20ac<\/span><\/p>\n<\/div>\n<div class=\"fusion-title title fusion-title-3 fusion-title-center fusion-title-text fusion-title-size-five\">\n<p><strong><u>BONOS MASAJE EN PAREJA: 120 mins<\/u><\/strong><\/p>\n<p>Masaje tradicional Tailand\u00e9s \u2013 <del>220\u20ac<\/del>\u00a0 <span style=\"color: #ff0000;\">190\u20ac<\/span><\/p>\n<p>Masaje Tailand\u00e9s con aceite \u2013 <del>220\u20ac<\/del>\u00a0 <span style=\"color: #ff0000;\">190\u20ac<\/span><\/p>\n<p>Masaje Aromaterapia \u2013 <del>220\u20ac<\/del>\u00a0 <span style=\"color: #ff0000;\">190\u20ac<\/span><\/p>\n<p>Masaje Balin\u00e9s \u2013 <del>220\u20ac<\/del>\u00a0 <span style=\"color: #ff0000;\">190\u20ac<\/span><\/p>\n<\/div>\n<\/div>\n<\/div>","protected":false},"featured_media":4574,"comment_status":"open","ping_status":"closed","template":"","meta":{"_joinchat":[]},"product_cat":[73],"product_tag":[],"giftcard-category":[74],"yoast_head":"<!-- This site is optimized with the Yoast SEO plugin v21.6 - https:\/\/yoast.com\/wordpress\/plugins\/seo\/ -->\n<title>Bono Masaje Pareja - Aruksa Thai Massage<\/title>\n<meta name=\"robots\" content=\"noindex, follow, max-snippet:-1, max-image-preview:large, max-video-preview:-1\" \/>\n<meta property=\"og:locale\" content=\"en_US\" \/>\n<meta property=\"og:type\" content=\"article\" \/>\n<meta property=\"og:title\" content=\"Bono Masaje Pareja - Aruksa Thai Massage\" \/>\n<meta property=\"og:description\" content=\"El tratamiento en pareja est\u00e1 dise\u00f1ado para compartir aquellos buenos momentos con las personas que m\u00e1s quieres.  Podr\u00e1s elegir entre sesiones de 60 o 90 minutos y los siguientes tratamientos:   Masaje tradicional tailand\u00e9s  Masaje tailand\u00e9s con aceite  Masaje de aromaterapia.  Masaje relajante Aruksa.  Rellena tu nombre y mail para recibir el bono en el correo electr\u00f3nico que quieras. Si deseas hacer un regalo escribe el mail de la persona a la que quieres enviarle el bono y tambi\u00e9n puedes dejarle un mensaje y tu nombre para que sepa qui\u00e9n se lo ha regalado.  Podr\u00e1s realizar las reservas del bono en nuestro tel\u00e9fono 633 706 695 indicando el c\u00f3digo de tu bono.   BONOS MASAJE EN PAREJA: 60 mins  Masaje tradicional Tailand\u00e9s \u2013 120\u20ac\u00a0 110\u20ac  Masaje Tailand\u00e9s con aceite \u2013 120\u20ac\u00a0 110\u20ac  Masaje Aromaterapia \u2013 120\u20ac\u00a0 110\u20ac  Masaje Balin\u00e9s \u2013 120\u20ac\u00a0 110\u20ac     BONOS MASAJE EN PAREJA: 90 mins  Masaje tradicional Tailand\u00e9s \u2013 160\u20ac\u00a0 150\u20ac  Masaje Tailand\u00e9s con aceite \u2013 160\u20ac\u00a0 150\u20ac  Masaje Aromaterapia \u2013 160\u20ac\u00a0 150\u20ac  Masaje Balin\u00e9s (Masaje relajante Aruksa) \u2013 160\u20ac\u00a0 150\u20ac     BONOS MASAJE EN PAREJA: 120 mins  Masaje tradicional Tailand\u00e9s \u2013 220\u20ac\u00a0 190\u20ac  Masaje Tailand\u00e9s con aceite \u2013 220\u20ac\u00a0 190\u20ac  Masaje Aromaterapia \u2013 220\u20ac\u00a0 190\u20ac  Masaje Balin\u00e9s \u2013 220\u20ac\u00a0 190\u20ac\" \/>\n<meta property=\"og:url\" content=\"https:\/\/reserva.expertoslopd.es\/en\/product\/bono-masaje-pareja\/\" \/>\n<meta property=\"og:site_name\" content=\"Aruksa Thai Massage\" \/>\n<meta property=\"article:modified_time\" content=\"2024-01-10T17:48:11+00:00\" \/>\n<meta property=\"og:image\" content=\"https:\/\/reserva.expertoslopd.es\/wp-content\/uploads\/2023\/08\/cropped-logo-oscuro-1.jpg\" \/>\n\t<meta property=\"og:image:width\" content=\"512\" \/>\n\t<meta property=\"og:image:height\" content=\"512\" \/>\n\t<meta property=\"og:image:type\" content=\"image\/jpeg\" \/>\n<meta name=\"twitter:card\" content=\"summary_large_image\" \/>\n<script type=\"application\/ld+json\" class=\"yoast-schema-graph\">{\"@context\":\"https:\/\/schema.org\",\"@graph\":[{\"@type\":\"WebPage\",\"@id\":\"https:\/\/reserva.expertoslopd.es\/producto\/bono-masaje-pareja\/\",\"url\":\"https:\/\/reserva.expertoslopd.es\/producto\/bono-masaje-pareja\/\",\"name\":\"Bono Masaje Pareja - Aruksa Thai Massage\",\"isPartOf\":{\"@id\":\"https:\/\/reserva.expertoslopd.es\/#website\"},\"datePublished\":\"2023-11-21T11:17:05+00:00\",\"dateModified\":\"2024-01-10T17:48:11+00:00\",\"breadcrumb\":{\"@id\":\"https:\/\/reserva.expertoslopd.es\/producto\/bono-masaje-pareja\/#breadcrumb\"},\"inLanguage\":\"en-US\",\"potentialAction\":[{\"@type\":\"ReadAction\",\"target\":[\"https:\/\/reserva.expertoslopd.es\/producto\/bono-masaje-pareja\/\"]}]},{\"@type\":\"BreadcrumbList\",\"@id\":\"https:\/\/reserva.expertoslopd.es\/producto\/bono-masaje-pareja\/#breadcrumb\",\"itemListElement\":[{\"@type\":\"ListItem\",\"position\":1,\"name\":\"Portada\",\"item\":\"https:\/\/reserva.expertoslopd.es\/\"},{\"@type\":\"ListItem\",\"position\":2,\"name\":\"Productos\",\"item\":\"https:\/\/reserva.expertoslopd.es\/shop\/\"},{\"@type\":\"ListItem\",\"position\":3,\"name\":\"Bono Masaje Pareja\"}]},{\"@type\":\"WebSite\",\"@id\":\"https:\/\/reserva.expertoslopd.es\/#website\",\"url\":\"https:\/\/reserva.expertoslopd.es\/\",\"name\":\"Aruksa Thai Massage\",\"description\":\"Professional Thai Massage\",\"potentialAction\":[{\"@type\":\"SearchAction\",\"target\":{\"@type\":\"EntryPoint\",\"urlTemplate\":\"https:\/\/reserva.expertoslopd.es\/?s={search_term_string}\"},\"query-input\":\"required name=search_term_string\"}],\"inLanguage\":\"en-US\"}]}<\/script>\n<!-- \/ Yoast SEO plugin. -->","yoast_head_json":{"title":"Bono Masaje Pareja - Aruksa Thai Massage","robots":{"index":"noindex","follow":"follow","max-snippet":"max-snippet:-1","max-image-preview":"max-image-preview:large","max-video-preview":"max-video-preview:-1"},"og_locale":"en_US","og_type":"article","og_title":"Bono Masaje Pareja - Aruksa Thai Massage","og_description":"El tratamiento en pareja est\u00e1 dise\u00f1ado para compartir aquellos buenos momentos con las personas que m\u00e1s quieres.  Podr\u00e1s elegir entre sesiones de 60 o 90 minutos y los siguientes tratamientos:   Masaje tradicional tailand\u00e9s  Masaje tailand\u00e9s con aceite  Masaje de aromaterapia.  Masaje relajante Aruksa.  Rellena tu nombre y mail para recibir el bono en el correo electr\u00f3nico que quieras. Si deseas hacer un regalo escribe el mail de la persona a la que quieres enviarle el bono y tambi\u00e9n puedes dejarle un mensaje y tu nombre para que sepa qui\u00e9n se lo ha regalado.  Podr\u00e1s realizar las reservas del bono en nuestro tel\u00e9fono 633 706 695 indicando el c\u00f3digo de tu bono.   BONOS MASAJE EN PAREJA: 60 mins  Masaje tradicional Tailand\u00e9s \u2013 120\u20ac\u00a0 110\u20ac  Masaje Tailand\u00e9s con aceite \u2013 120\u20ac\u00a0 110\u20ac  Masaje Aromaterapia \u2013 120\u20ac\u00a0 110\u20ac  Masaje Balin\u00e9s \u2013 120\u20ac\u00a0 110\u20ac     BONOS MASAJE EN PAREJA: 90 mins  Masaje tradicional Tailand\u00e9s \u2013 160\u20ac\u00a0 150\u20ac  Masaje Tailand\u00e9s con aceite \u2013 160\u20ac\u00a0 150\u20ac  Masaje Aromaterapia \u2013 160\u20ac\u00a0 150\u20ac  Masaje Balin\u00e9s (Masaje relajante Aruksa) \u2013 160\u20ac\u00a0 150\u20ac     BONOS MASAJE EN PAREJA: 120 mins  Masaje tradicional Tailand\u00e9s \u2013 220\u20ac\u00a0 190\u20ac  Masaje Tailand\u00e9s con aceite \u2013 220\u20ac\u00a0 190\u20ac  Masaje Aromaterapia \u2013 220\u20ac\u00a0 190\u20ac  Masaje Balin\u00e9s \u2013 220\u20ac\u00a0 190\u20ac","og_url":"https:\/\/reserva.expertoslopd.es\/en\/product\/bono-masaje-pareja\/","og_site_name":"Aruksa Thai Massage","article_modified_time":"2024-01-10T17:48:11+00:00","og_image":[{"width":512,"height":512,"url":"https:\/\/reserva.expertoslopd.es\/wp-content\/uploads\/2023\/08\/cropped-logo-oscuro-1.jpg","type":"image\/jpeg"}],"twitter_card":"summary_large_image","schema":{"@context":"https:\/\/schema.org","@graph":[{"@type":"WebPage","@id":"https:\/\/reserva.expertoslopd.es\/producto\/bono-masaje-pareja\/","url":"https:\/\/reserva.expertoslopd.es\/producto\/bono-masaje-pareja\/","name":"Bono Masaje Pareja - Aruksa Thai Massage","isPartOf":{"@id":"https:\/\/reserva.expertoslopd.es\/#website"},"datePublished":"2023-11-21T11:17:05+00:00","dateModified":"2024-01-10T17:48:11+00:00","breadcrumb":{"@id":"https:\/\/reserva.expertoslopd.es\/producto\/bono-masaje-pareja\/#breadcrumb"},"inLanguage":"en-US","potentialAction":[{"@type":"ReadAction","target":["https:\/\/reserva.expertoslopd.es\/producto\/bono-masaje-pareja\/"]}]},{"@type":"BreadcrumbList","@id":"https:\/\/reserva.expertoslopd.es\/producto\/bono-masaje-pareja\/#breadcrumb","itemListElement":[{"@type":"ListItem","position":1,"name":"Portada","item":"https:\/\/reserva.expertoslopd.es\/"},{"@type":"ListItem","position":2,"name":"Productos","item":"https:\/\/reserva.expertoslopd.es\/shop\/"},{"@type":"ListItem","position":3,"name":"Bono Masaje Pareja"}]},{"@type":"WebSite","@id":"https:\/\/reserva.expertoslopd.es\/#website","url":"https:\/\/reserva.expertoslopd.es\/","name":"Aruksa Thai Massage","description":"Professional Thai Massage","potentialAction":[{"@type":"SearchAction","target":{"@type":"EntryPoint","urlTemplate":"https:\/\/reserva.expertoslopd.es\/?s={search_term_string}"},"query-input":"required name=search_term_string"}],"inLanguage":"en-US"}]}},"_links":{"self":[{"href":"https:\/\/reserva.expertoslopd.es\/en\/wp-json\/wp\/v2\/product\/4985"}],"collection":[{"href":"https:\/\/reserva.expertoslopd.es\/en\/wp-json\/wp\/v2\/product"}],"about":[{"href":"https:\/\/reserva.expertoslopd.es\/en\/wp-json\/wp\/v2\/types\/product"}],"replies":[{"embeddable":true,"href":"https:\/\/reserva.expertoslopd.es\/en\/wp-json\/wp\/v2\/comments?post=4985"}],"wp:featuredmedia":[{"embeddable":true,"href":"https:\/\/reserva.expertoslopd.es\/en\/wp-json\/wp\/v2\/media\/4574"}],"wp:attachment":[{"href":"https:\/\/reserva.expertoslopd.es\/en\/wp-json\/wp\/v2\/media?parent=4985"}],"wp:term":[{"taxonomy":"product_cat","embeddable":true,"href":"https:\/\/reserva.expertoslopd.es\/en\/wp-json\/wp\/v2\/product_cat?post=4985"},{"taxonomy":"product_tag","embeddable":true,"href":"https:\/\/reserva.expertoslopd.es\/en\/wp-json\/wp\/v2\/product_tag?post=4985"},{"taxonomy":"giftcard-category","embeddable":true,"href":"https:\/\/reserva.expertoslopd.es\/en\/wp-json\/wp\/v2\/giftcard-category?post=4985"}],"curies":[{"name":"wp","href":"https:\/\/api.w.org\/{rel}","templated":true}]}}