{"id":5393,"date":"2023-12-26T16:25:42","date_gmt":"2023-12-26T12:25:42","guid":{"rendered":"https:\/\/reserva.expertoslopd.es\/?post_type=product&#038;p=5393"},"modified":"2024-01-10T21:44:00","modified_gmt":"2024-01-10T17:44:00","slug":"thai-tradicional-masaje-120-minutos-2-2","status":"publish","type":"product","link":"https:\/\/reserva.expertoslopd.es\/en\/product\/thai-tradicional-masaje-120-minutos-2-2\/","title":{"rendered":"Thai Tradicional Masaje 120 minutos (En pareja para regalar)"},"content":{"rendered":"<div class=\"fusion-text\">\n<h4 data-fontsize=\"20\" data-lineheight=\"28\">Nuestra Pol\u00edtica<\/h4>\n<\/div>\n<div class=\"fusion-text\">\n<p><strong><u>Promotions cannot be combined with others promotions.<\/u><\/strong><\/p>\n<p><u>Cancellation policy<\/u>: Por cortes\u00eda al resto de clientes y a nuestros profesionales, se cobrar\u00e1 la totalidad del precio del servicio de todas las cancelaciones realizadas con menos de 12 horas de antelaci\u00f3n.<\/p>\n<p><u>Treatments<\/u>:\u00a0 Se ruega a todos nuestros clientes llegar al menos 5 minutos antes de la hora fijada de la cita para rellenar la documentaci\u00f3n necesaria. Las llegadas con retraso no recibir\u00e1n una extensi\u00f3n del tiempo, se cobrar\u00e1 la totalidad del servicio y se cancelar\u00e1 autom\u00e1ticamente despu\u00e9s de las 15 minutos.<\/p>\n<p>Please note that our system won\u2019t be able to confirm all the reservations that use a fake name and fake contact number.<\/p>\n<\/div>","protected":false},"excerpt":{"rendered":"<p>El masaje tradicional tailand\u00e9s es un tratamiento bastante completo, energizante y restaura el equilibrio en el cuerpo, se realizar con el presi\u00f3n media-fuerte a presi\u00f3n fuerte. Sus efectos positivos est\u00e1n dise\u00f1ados para combatir las migra\u00f1as, dolores musculares, articulares y de estr\u00e9s.<\/p>\n<h3>Precio: 190\u20ac<\/h3>","protected":false},"featured_media":4574,"comment_status":"open","ping_status":"closed","template":"","meta":{"_joinchat":[]},"product_cat":[75,76],"product_tag":[],"giftcard-category":[],"yoast_head":"<!-- This site is optimized with the Yoast SEO plugin v21.6 - https:\/\/yoast.com\/wordpress\/plugins\/seo\/ -->\n<title>Thai Tradicional Masaje 120 minutos (En pareja para regalar) - Aruksa Thai Massage<\/title>\n<meta name=\"robots\" content=\"noindex, follow, max-snippet:-1, max-image-preview:large, max-video-preview:-1\" \/>\n<meta property=\"og:locale\" content=\"en_US\" \/>\n<meta property=\"og:type\" content=\"article\" \/>\n<meta property=\"og:title\" content=\"Thai Tradicional Masaje 120 minutos (En pareja para regalar) - Aruksa Thai Massage\" \/>\n<meta property=\"og:description\" content=\"El masaje tradicional tailand\u00e9s es un tratamiento bastante completo, energizante y restaura el equilibrio en el cuerpo, se realizar con el presi\u00f3n media-fuerte a presi\u00f3n fuerte. Sus efectos positivos est\u00e1n dise\u00f1ados para combatir las migra\u00f1as, dolores musculares, articulares y de estr\u00e9s. Precio: 190\u20ac\" \/>\n<meta property=\"og:url\" content=\"https:\/\/reserva.expertoslopd.es\/en\/product\/thai-tradicional-masaje-120-minutos-2-2\/\" \/>\n<meta property=\"og:site_name\" content=\"Aruksa Thai Massage\" \/>\n<meta property=\"article:modified_time\" content=\"2024-01-10T17:44:00+00:00\" \/>\n<meta property=\"og:image\" content=\"https:\/\/reserva.expertoslopd.es\/wp-content\/uploads\/2023\/08\/cropped-logo-oscuro-1.jpg\" \/>\n\t<meta property=\"og:image:width\" content=\"512\" \/>\n\t<meta property=\"og:image:height\" content=\"512\" \/>\n\t<meta property=\"og:image:type\" content=\"image\/jpeg\" \/>\n<meta name=\"twitter:card\" content=\"summary_large_image\" \/>\n<meta name=\"twitter:label1\" content=\"Est. reading time\" \/>\n\t<meta name=\"twitter:data1\" content=\"1 minute\" \/>\n<script type=\"application\/ld+json\" class=\"yoast-schema-graph\">{\"@context\":\"https:\/\/schema.org\",\"@graph\":[{\"@type\":\"WebPage\",\"@id\":\"https:\/\/reserva.expertoslopd.es\/producto\/thai-tradicional-masaje-120-minutos-2-2\/\",\"url\":\"https:\/\/reserva.expertoslopd.es\/producto\/thai-tradicional-masaje-120-minutos-2-2\/\",\"name\":\"Thai Tradicional Masaje 120 minutos (En pareja para regalar) - Aruksa Thai Massage\",\"isPartOf\":{\"@id\":\"https:\/\/reserva.expertoslopd.es\/#website\"},\"datePublished\":\"2023-12-26T12:25:42+00:00\",\"dateModified\":\"2024-01-10T17:44:00+00:00\",\"breadcrumb\":{\"@id\":\"https:\/\/reserva.expertoslopd.es\/producto\/thai-tradicional-masaje-120-minutos-2-2\/#breadcrumb\"},\"inLanguage\":\"en-US\",\"potentialAction\":[{\"@type\":\"ReadAction\",\"target\":[\"https:\/\/reserva.expertoslopd.es\/producto\/thai-tradicional-masaje-120-minutos-2-2\/\"]}]},{\"@type\":\"BreadcrumbList\",\"@id\":\"https:\/\/reserva.expertoslopd.es\/producto\/thai-tradicional-masaje-120-minutos-2-2\/#breadcrumb\",\"itemListElement\":[{\"@type\":\"ListItem\",\"position\":1,\"name\":\"Portada\",\"item\":\"https:\/\/reserva.expertoslopd.es\/\"},{\"@type\":\"ListItem\",\"position\":2,\"name\":\"Productos\",\"item\":\"https:\/\/reserva.expertoslopd.es\/shop\/\"},{\"@type\":\"ListItem\",\"position\":3,\"name\":\"Thai Tradicional Masaje 120 minutos (En pareja para regalar)\"}]},{\"@type\":\"WebSite\",\"@id\":\"https:\/\/reserva.expertoslopd.es\/#website\",\"url\":\"https:\/\/reserva.expertoslopd.es\/\",\"name\":\"Aruksa Thai Massage\",\"description\":\"Professional Thai Massage\",\"potentialAction\":[{\"@type\":\"SearchAction\",\"target\":{\"@type\":\"EntryPoint\",\"urlTemplate\":\"https:\/\/reserva.expertoslopd.es\/?s={search_term_string}\"},\"query-input\":\"required name=search_term_string\"}],\"inLanguage\":\"en-US\"}]}<\/script>\n<!-- \/ Yoast SEO plugin. -->","yoast_head_json":{"title":"Thai Tradicional Masaje 120 minutos (En pareja para regalar) - Aruksa Thai Massage","robots":{"index":"noindex","follow":"follow","max-snippet":"max-snippet:-1","max-image-preview":"max-image-preview:large","max-video-preview":"max-video-preview:-1"},"og_locale":"en_US","og_type":"article","og_title":"Thai Tradicional Masaje 120 minutos (En pareja para regalar) - Aruksa Thai Massage","og_description":"El masaje tradicional tailand\u00e9s es un tratamiento bastante completo, energizante y restaura el equilibrio en el cuerpo, se realizar con el presi\u00f3n media-fuerte a presi\u00f3n fuerte. Sus efectos positivos est\u00e1n dise\u00f1ados para combatir las migra\u00f1as, dolores musculares, articulares y de estr\u00e9s. Precio: 190\u20ac","og_url":"https:\/\/reserva.expertoslopd.es\/en\/product\/thai-tradicional-masaje-120-minutos-2-2\/","og_site_name":"Aruksa Thai Massage","article_modified_time":"2024-01-10T17:44:00+00:00","og_image":[{"width":512,"height":512,"url":"https:\/\/reserva.expertoslopd.es\/wp-content\/uploads\/2023\/08\/cropped-logo-oscuro-1.jpg","type":"image\/jpeg"}],"twitter_card":"summary_large_image","twitter_misc":{"Est. reading time":"1 minute"},"schema":{"@context":"https:\/\/schema.org","@graph":[{"@type":"WebPage","@id":"https:\/\/reserva.expertoslopd.es\/producto\/thai-tradicional-masaje-120-minutos-2-2\/","url":"https:\/\/reserva.expertoslopd.es\/producto\/thai-tradicional-masaje-120-minutos-2-2\/","name":"Thai Tradicional Masaje 120 minutos (En pareja para regalar) - Aruksa Thai Massage","isPartOf":{"@id":"https:\/\/reserva.expertoslopd.es\/#website"},"datePublished":"2023-12-26T12:25:42+00:00","dateModified":"2024-01-10T17:44:00+00:00","breadcrumb":{"@id":"https:\/\/reserva.expertoslopd.es\/producto\/thai-tradicional-masaje-120-minutos-2-2\/#breadcrumb"},"inLanguage":"en-US","potentialAction":[{"@type":"ReadAction","target":["https:\/\/reserva.expertoslopd.es\/producto\/thai-tradicional-masaje-120-minutos-2-2\/"]}]},{"@type":"BreadcrumbList","@id":"https:\/\/reserva.expertoslopd.es\/producto\/thai-tradicional-masaje-120-minutos-2-2\/#breadcrumb","itemListElement":[{"@type":"ListItem","position":1,"name":"Portada","item":"https:\/\/reserva.expertoslopd.es\/"},{"@type":"ListItem","position":2,"name":"Productos","item":"https:\/\/reserva.expertoslopd.es\/shop\/"},{"@type":"ListItem","position":3,"name":"Thai Tradicional Masaje 120 minutos (En pareja para regalar)"}]},{"@type":"WebSite","@id":"https:\/\/reserva.expertoslopd.es\/#website","url":"https:\/\/reserva.expertoslopd.es\/","name":"Aruksa Thai Massage","description":"Professional Thai Massage","potentialAction":[{"@type":"SearchAction","target":{"@type":"EntryPoint","urlTemplate":"https:\/\/reserva.expertoslopd.es\/?s={search_term_string}"},"query-input":"required name=search_term_string"}],"inLanguage":"en-US"}]}},"_links":{"self":[{"href":"https:\/\/reserva.expertoslopd.es\/en\/wp-json\/wp\/v2\/product\/5393"}],"collection":[{"href":"https:\/\/reserva.expertoslopd.es\/en\/wp-json\/wp\/v2\/product"}],"about":[{"href":"https:\/\/reserva.expertoslopd.es\/en\/wp-json\/wp\/v2\/types\/product"}],"replies":[{"embeddable":true,"href":"https:\/\/reserva.expertoslopd.es\/en\/wp-json\/wp\/v2\/comments?post=5393"}],"wp:featuredmedia":[{"embeddable":true,"href":"https:\/\/reserva.expertoslopd.es\/en\/wp-json\/wp\/v2\/media\/4574"}],"wp:attachment":[{"href":"https:\/\/reserva.expertoslopd.es\/en\/wp-json\/wp\/v2\/media?parent=5393"}],"wp:term":[{"taxonomy":"product_cat","embeddable":true,"href":"https:\/\/reserva.expertoslopd.es\/en\/wp-json\/wp\/v2\/product_cat?post=5393"},{"taxonomy":"product_tag","embeddable":true,"href":"https:\/\/reserva.expertoslopd.es\/en\/wp-json\/wp\/v2\/product_tag?post=5393"},{"taxonomy":"giftcard-category","embeddable":true,"href":"https:\/\/reserva.expertoslopd.es\/en\/wp-json\/wp\/v2\/giftcard-category?post=5393"}],"curies":[{"name":"wp","href":"https:\/\/api.w.org\/{rel}","templated":true}]}}